{"id":313,"date":"2025-03-27T11:36:58","date_gmt":"2025-03-27T11:36:58","guid":{"rendered":"https:\/\/suleymanpasadahaliyikama.com.tr\/about\/"},"modified":"2025-04-04T17:50:29","modified_gmt":"2025-04-04T17:50:29","slug":"about","status":"publish","type":"page","link":"https:\/\/suleymanpasadahaliyikama.com.tr\/index.php\/about\/","title":{"rendered":"Hakk\u0131m\u0131zda"},"content":{"rendered":"\n\n\n<p>Lorem Ipsum has been the industry&#8217;s standard dummy text ever since the 1500s.<\/p>\n\n\n\n<h3>Neden Bizi Tercih Etmelisiniz?<br><\/h3>\n\n<p>S\u00fcleymanpa\u015fa&#8217;da Hal\u0131 ve Koltuk Y\u0131kamada \u00d6nc\u00fc Firma<br><br><\/p>\n\n\u00d6zel f\u0131r\u00e7alama sistemleri, g\u00fc\u00e7l\u00fc vakum makineleri ve antibakteriyel y\u0131kama y\u00f6ntemleriyle hal\u0131lar\u0131n\u0131z\u0131 ve koltuklar\u0131n\u0131z\u0131 derinlemesine temizliyoruz.\n\n\nKulland\u0131\u011f\u0131m\u0131z t\u00fcm temizlik malzemeleri, insan sa\u011fl\u0131\u011f\u0131na zarar vermeyen, \u00e7evre dostu ve antibakteriyel i\u00e7eriklere sahiptir. B\u00f6ylece hijyenik bir temizlik sunuyoruz.\n\n\n\u0130nat\u00e7\u0131 lekeler ve k\u00f6t\u00fc kokular konusunda uzman ekibimiz, \u00f6zel leke \u00e7\u0131kar\u0131c\u0131 sol\u00fcsyonlar ve g\u00fc\u00e7l\u00fc temizlik y\u00f6ntemleriyle garantili temizlik sunar.\n\n\n\n\n\n<h6>S\u00fcleymanpa\u015fa&nbsp; hal\u0131 y\u0131kama<br><\/h6>\n<h3>S\u00fcleymanpa\u015fa&#8217;da Profesyonel \u00c7\u00f6z\u00fcm<\/h3>\n<p>S\u00fcleymanpa\u015fa\u2019da hal\u0131lar\u0131n\u0131z, koltuklar\u0131n\u0131z ve di\u011fer e\u015fyalar\u0131n\u0131z i\u00e7in profesyonel temizlik hizmeti sunuyoruz. Son teknoloji makineler ve antibakteriyel temizlik \u00fcr\u00fcnleriyle hijyenik, derinlemesine ve uzun \u00f6m\u00fcrl\u00fc temizlik sa\u011fl\u0131yoruz.<br><br><\/p>\n\n\n\n\n\n\n<span style=\"line-height:1.5;\">Hal\u0131n\u0131z\u0131, koltuklar\u0131n\u0131z\u0131 ve di\u011fer e\u015fyalar\u0131n\u0131z\u0131 en ince detay\u0131na kadar temizleyerek bakteri ve mikroplardan ar\u0131nd\u0131r\u0131yoruz..\n.<\/span>\n\n\n\n\n<span style=\"line-height:1.5;\">Uygun fiyatlarla y\u00fcksek kalitede temizlik hizmeti sunuyor, b\u00fct\u00e7enizi koruyoruz. .\n.<\/span>\n\n\n\n\n\n\n<span style=\"line-height:1.5;\">Geli\u015fmi\u015f y\u0131kama makineleri ve g\u00fc\u00e7l\u00fc vakum sistemleriyle maksimum temizlik sa\u011fl\u0131yoruz.\n<\/span>\n\n\n\n\n<span style=\"line-height:1.5;\">\u0130\u015fini titizlikle yapan uzman kadromuz, m\u00fc\u015fteri memnuniyetini her zaman \u00f6n planda tutar. .\n<\/span>\n\n\n\n\n\n","protected":false},"excerpt":{"rendered":"","protected":false},"author":1,"featured_media":0,"parent":0,"menu_order":0,"comment_status":"closed","ping_status":"closed","template":"","meta":{"pagelayer_contact_templates":[],"_pagelayer_content":"","footnotes":""},"class_list":["post-313","page","type-page","status-publish","hentry"],"yoast_head":"<!-- This site is optimized with the Yoast SEO plugin v24.4 - https:\/\/yoast.com\/wordpress\/plugins\/seo\/ -->\n<title>Hakk\u0131m\u0131zda - Tire Hal\u0131 Y\u0131kama<\/title>\n<meta name=\"description\" content=\"Hakk\u0131m\u0131zda Tire Hal\u0131 Y\u0131kama Hizmetleri \u0130\u00e7in S&uuml;leymanpa\u015fa Hal\u0131 Y\u0131kama Sitemizi Ziyaret Edebilirsiniz\" \/>\n<meta name=\"robots\" content=\"index, follow, max-snippet:-1, max-image-preview:large, max-video-preview:-1\" \/>\n<link rel=\"canonical\" href=\"https:\/\/suleymanpasadahaliyikama.com.tr\/index.php\/about\/\" \/>\n<meta property=\"og:locale\" content=\"tr_TR\" \/>\n<meta property=\"og:type\" content=\"article\" \/>\n<meta property=\"og:title\" content=\"Hakk\u0131m\u0131zda - Tire Hal\u0131 Y\u0131kama\" \/>\n<meta property=\"og:description\" content=\"Hakk\u0131m\u0131zda Tire Hal\u0131 Y\u0131kama Hizmetleri \u0130\u00e7in S&uuml;leymanpa\u015fa Hal\u0131 Y\u0131kama Sitemizi Ziyaret Edebilirsiniz\" \/>\n<meta property=\"og:url\" content=\"https:\/\/suleymanpasadahaliyikama.com.tr\/index.php\/about\/\" \/>\n<meta property=\"og:site_name\" content=\"S&uuml;leymanpa\u015fa Hal\u0131 Y\u0131kama\" \/>\n<meta property=\"article:modified_time\" content=\"2025-04-04T17:50:29+00:00\" \/>\n<meta property=\"og:image\" content=\"https:\/\/suleymanpasadahaliyikama.com.tr\/wp-content\/uploads\/2025\/01\/5555.webp\" \/>\n\t<meta property=\"og:image:width\" content=\"1024\" \/>\n\t<meta property=\"og:image:height\" content=\"427\" \/>\n\t<meta property=\"og:image:type\" content=\"image\/webp\" \/>\n<meta name=\"twitter:card\" content=\"summary_large_image\" \/>\n<meta name=\"twitter:label1\" content=\"Tahmini okuma s\u00fcresi\" \/>\n\t<meta name=\"twitter:data1\" content=\"1 dakika\" \/>\n<script type=\"application\/ld+json\" class=\"yoast-schema-graph\">{\"@context\":\"https:\/\/schema.org\",\"@graph\":[{\"@type\":\"WebPage\",\"@id\":\"https:\/\/suleymanpasadahaliyikama.com.tr\/index.php\/about\/\",\"url\":\"https:\/\/suleymanpasadahaliyikama.com.tr\/index.php\/about\/\",\"name\":\"Hakk\u0131m\u0131zda - Tire Hal\u0131 Y\u0131kama\",\"isPartOf\":{\"@id\":\"https:\/\/suleymanpasadahaliyikama.com.tr\/#website\"},\"datePublished\":\"2025-03-27T11:36:58+00:00\",\"dateModified\":\"2025-04-04T17:50:29+00:00\",\"description\":\"Hakk\u0131m\u0131zda Tire Hal\u0131 Y\u0131kama Hizmetleri \u0130\u00e7in S&uuml;leymanpa\u015fa Hal\u0131 Y\u0131kama Sitemizi Ziyaret Edebilirsiniz\",\"breadcrumb\":{\"@id\":\"https:\/\/suleymanpasadahaliyikama.com.tr\/index.php\/about\/#breadcrumb\"},\"inLanguage\":\"tr\",\"potentialAction\":[{\"@type\":\"ReadAction\",\"target\":[\"https:\/\/suleymanpasadahaliyikama.com.tr\/index.php\/about\/\"]}]},{\"@type\":\"BreadcrumbList\",\"@id\":\"https:\/\/suleymanpasadahaliyikama.com.tr\/index.php\/about\/#breadcrumb\",\"itemListElement\":[{\"@type\":\"ListItem\",\"position\":1,\"name\":\"Anasayfa\",\"item\":\"https:\/\/suleymanpasadahaliyikama.com.tr\/\"},{\"@type\":\"ListItem\",\"position\":2,\"name\":\"Hakk\u0131m\u0131zda\"}]},{\"@type\":\"WebSite\",\"@id\":\"https:\/\/suleymanpasadahaliyikama.com.tr\/#website\",\"url\":\"https:\/\/suleymanpasadahaliyikama.com.tr\/\",\"name\":\"Best Hal\u0131 Y\u0131kama\",\"description\":\"Torbal\u0131 Hal\u0131 Koltuk Y\u0131kama\",\"publisher\":{\"@id\":\"https:\/\/suleymanpasadahaliyikama.com.tr\/#organization\"},\"alternateName\":\"Tire Hal\u0131 Y\u0131kama Firmas\u0131 Best Hal\u0131 Y\u0131kama\",\"potentialAction\":[{\"@type\":\"SearchAction\",\"target\":{\"@type\":\"EntryPoint\",\"urlTemplate\":\"https:\/\/suleymanpasadahaliyikama.com.tr\/?s={search_term_string}\"},\"query-input\":{\"@type\":\"PropertyValueSpecification\",\"valueRequired\":true,\"valueName\":\"search_term_string\"}}],\"inLanguage\":\"tr\"},{\"@type\":\"Organization\",\"@id\":\"https:\/\/suleymanpasadahaliyikama.com.tr\/#organization\",\"name\":\"Tire Best Hal\u0131 Y\u0131kama\",\"alternateName\":\"Tire Hal\u0131 Koltuk Y\u0131kama\",\"url\":\"https:\/\/suleymanpasadahaliyikama.com.tr\/\",\"logo\":{\"@type\":\"ImageObject\",\"inLanguage\":\"tr\",\"@id\":\"https:\/\/suleymanpasadahaliyikama.com.tr\/#\/schema\/logo\/image\/\",\"url\":\"https:\/\/suleymanpasadahaliyikama.com.tr\/wp-content\/uploads\/2025\/02\/Yesil_ve_Beyaz_Sade_Hali_Yikama_Logo-removebg-preview.png\",\"contentUrl\":\"https:\/\/suleymanpasadahaliyikama.com.tr\/wp-content\/uploads\/2025\/02\/Yesil_ve_Beyaz_Sade_Hali_Yikama_Logo-removebg-preview.png\",\"width\":500,\"height\":500,\"caption\":\"Tire Best Hal\u0131 Y\u0131kama\"},\"image\":{\"@id\":\"https:\/\/suleymanpasadahaliyikama.com.tr\/#\/schema\/logo\/image\/\"}}]}<\/script>\n<!-- \/ Yoast SEO plugin. -->","yoast_head_json":{"title":"Hakk\u0131m\u0131zda - Tire Hal\u0131 Y\u0131kama","description":"Hakk\u0131m\u0131zda Tire Hal\u0131 Y\u0131kama Hizmetleri \u0130\u00e7in S&uuml;leymanpa\u015fa Hal\u0131 Y\u0131kama Sitemizi Ziyaret Edebilirsiniz","robots":{"index":"index","follow":"follow","max-snippet":"max-snippet:-1","max-image-preview":"max-image-preview:large","max-video-preview":"max-video-preview:-1"},"canonical":"https:\/\/suleymanpasadahaliyikama.com.tr\/index.php\/about\/","og_locale":"tr_TR","og_type":"article","og_title":"Hakk\u0131m\u0131zda - Tire Hal\u0131 Y\u0131kama","og_description":"Hakk\u0131m\u0131zda Tire Hal\u0131 Y\u0131kama Hizmetleri \u0130\u00e7in S&uuml;leymanpa\u015fa Hal\u0131 Y\u0131kama Sitemizi Ziyaret Edebilirsiniz","og_url":"https:\/\/suleymanpasadahaliyikama.com.tr\/index.php\/about\/","og_site_name":"S&uuml;leymanpa\u015fa Hal\u0131 Y\u0131kama","article_modified_time":"2025-04-04T17:50:29+00:00","og_image":[{"width":1024,"height":427,"url":"https:\/\/suleymanpasadahaliyikama.com.tr\/wp-content\/uploads\/2025\/01\/5555.webp","type":"image\/webp"}],"twitter_card":"summary_large_image","twitter_misc":{"Tahmini okuma s\u00fcresi":"1 dakika"},"schema":{"@context":"https:\/\/schema.org","@graph":[{"@type":"WebPage","@id":"https:\/\/suleymanpasadahaliyikama.com.tr\/index.php\/about\/","url":"https:\/\/suleymanpasadahaliyikama.com.tr\/index.php\/about\/","name":"Hakk\u0131m\u0131zda - Tire Hal\u0131 Y\u0131kama","isPartOf":{"@id":"https:\/\/suleymanpasadahaliyikama.com.tr\/#website"},"datePublished":"2025-03-27T11:36:58+00:00","dateModified":"2025-04-04T17:50:29+00:00","description":"Hakk\u0131m\u0131zda Tire Hal\u0131 Y\u0131kama Hizmetleri \u0130\u00e7in S&uuml;leymanpa\u015fa Hal\u0131 Y\u0131kama Sitemizi Ziyaret Edebilirsiniz","breadcrumb":{"@id":"https:\/\/suleymanpasadahaliyikama.com.tr\/index.php\/about\/#breadcrumb"},"inLanguage":"tr","potentialAction":[{"@type":"ReadAction","target":["https:\/\/suleymanpasadahaliyikama.com.tr\/index.php\/about\/"]}]},{"@type":"BreadcrumbList","@id":"https:\/\/suleymanpasadahaliyikama.com.tr\/index.php\/about\/#breadcrumb","itemListElement":[{"@type":"ListItem","position":1,"name":"Anasayfa","item":"https:\/\/suleymanpasadahaliyikama.com.tr\/"},{"@type":"ListItem","position":2,"name":"Hakk\u0131m\u0131zda"}]},{"@type":"WebSite","@id":"https:\/\/suleymanpasadahaliyikama.com.tr\/#website","url":"https:\/\/suleymanpasadahaliyikama.com.tr\/","name":"Best Hal\u0131 Y\u0131kama","description":"Torbal\u0131 Hal\u0131 Koltuk Y\u0131kama","publisher":{"@id":"https:\/\/suleymanpasadahaliyikama.com.tr\/#organization"},"alternateName":"Tire Hal\u0131 Y\u0131kama Firmas\u0131 Best Hal\u0131 Y\u0131kama","potentialAction":[{"@type":"SearchAction","target":{"@type":"EntryPoint","urlTemplate":"https:\/\/suleymanpasadahaliyikama.com.tr\/?s={search_term_string}"},"query-input":{"@type":"PropertyValueSpecification","valueRequired":true,"valueName":"search_term_string"}}],"inLanguage":"tr"},{"@type":"Organization","@id":"https:\/\/suleymanpasadahaliyikama.com.tr\/#organization","name":"Tire Best Hal\u0131 Y\u0131kama","alternateName":"Tire Hal\u0131 Koltuk Y\u0131kama","url":"https:\/\/suleymanpasadahaliyikama.com.tr\/","logo":{"@type":"ImageObject","inLanguage":"tr","@id":"https:\/\/suleymanpasadahaliyikama.com.tr\/#\/schema\/logo\/image\/","url":"https:\/\/suleymanpasadahaliyikama.com.tr\/wp-content\/uploads\/2025\/02\/Yesil_ve_Beyaz_Sade_Hali_Yikama_Logo-removebg-preview.png","contentUrl":"https:\/\/suleymanpasadahaliyikama.com.tr\/wp-content\/uploads\/2025\/02\/Yesil_ve_Beyaz_Sade_Hali_Yikama_Logo-removebg-preview.png","width":500,"height":500,"caption":"Tire Best Hal\u0131 Y\u0131kama"},"image":{"@id":"https:\/\/suleymanpasadahaliyikama.com.tr\/#\/schema\/logo\/image\/"}}]}},"_links":{"self":[{"href":"https:\/\/suleymanpasadahaliyikama.com.tr\/index.php\/wp-json\/wp\/v2\/pages\/313","targetHints":{"allow":["GET"]}}],"collection":[{"href":"https:\/\/suleymanpasadahaliyikama.com.tr\/index.php\/wp-json\/wp\/v2\/pages"}],"about":[{"href":"https:\/\/suleymanpasadahaliyikama.com.tr\/index.php\/wp-json\/wp\/v2\/types\/page"}],"author":[{"embeddable":true,"href":"https:\/\/suleymanpasadahaliyikama.com.tr\/index.php\/wp-json\/wp\/v2\/users\/1"}],"replies":[{"embeddable":true,"href":"https:\/\/suleymanpasadahaliyikama.com.tr\/index.php\/wp-json\/wp\/v2\/comments?post=313"}],"version-history":[{"count":7,"href":"https:\/\/suleymanpasadahaliyikama.com.tr\/index.php\/wp-json\/wp\/v2\/pages\/313\/revisions"}],"predecessor-version":[{"id":397,"href":"https:\/\/suleymanpasadahaliyikama.com.tr\/index.php\/wp-json\/wp\/v2\/pages\/313\/revisions\/397"}],"wp:attachment":[{"href":"https:\/\/suleymanpasadahaliyikama.com.tr\/index.php\/wp-json\/wp\/v2\/media?parent=313"}],"curies":[{"name":"wp","href":"https:\/\/api.w.org\/{rel}","templated":true}]}}