{"id":325,"date":"2025-03-27T11:36:58","date_gmt":"2025-03-27T11:36:58","guid":{"rendered":"https:\/\/suleymanpasadahaliyikama.com.tr\/home\/"},"modified":"2025-08-30T16:44:29","modified_gmt":"2025-08-30T16:44:29","slug":"anasayfa","status":"publish","type":"page","link":"https:\/\/suleymanpasadahaliyikama.com.tr\/","title":{"rendered":"Home"},"content":{"rendered":"\n\n\n\n\n<span style=\"line-height:1.5;\">Hal\u0131lar\u0131n\u0131z\u0131 antibakteriyel temizlik \u00fcr\u00fcnleriyle y\u0131kayarak hijyenik ve parlak hale getiriyoruz.<\/span><p><\/p>\n\n\n\n\n\n\n\n\n\n\n\n\n\n\n\n\n\n<span style=\"line-height:1.5;\">Koltuklar\u0131n\u0131zdaki lekeleri ve k\u00f6t\u00fc kokular\u0131 yok eden profesyonel y\u0131kama hizmeti.<\/span><p><\/p>\n\n\n\n\n\n\n\n\n\n\n\n<span style=\"line-height:1.5;\">Toz, bakteri ve k\u00f6t\u00fc kokulardan ar\u0131nm\u0131\u015f sa\u011fl\u0131kl\u0131 bir uyku i\u00e7in yatak ve yorgan temizli\u011fi.<\/span><p><\/p>\n\n\n\n\n\n\n\n\n\n\n\n\n\n<span style=\"line-height:1.5;\"> Toz ve kirden ar\u0131nd\u0131r\u0131lm\u0131\u015f, ilk g\u00fcnk\u00fc gibi temiz stor perdeler.<\/span><p><\/p>\n\n\n\n\n\n<span style=\"line-height:1.5;\">Ara\u00e7 i\u00e7i hijyen ve konfor i\u00e7in profesyonel koltuk temizli\u011fi.<\/span><p><\/p>\n\n\n\n\n\n<span style=\"line-height:1.5;\"> Hal\u0131flekslerinizin derinlemesine temizlenerek hijyenik hale getirilmesi.<\/span><p><\/p>\n\n\n\n\n\n\n\n<p>Lorem Ipsum has been the industry&#8217;s standard dummy text ever since the 1500s.<\/p>\n\n\n\n\n\n<h3>Neden Bizi Tercih Etmelisiniz?<\/h3>\n\n\n\n<p>S\u00fcleymanpa\u015fa&#8217;da Hal\u0131 ve Koltuk Y\u0131kamada \u00d6nc\u00fc Firm<\/p>\n\n\n\nHal\u0131lar\u0131n\u0131z\u0131, bakteri ve k\u00f6t\u00fc kokulardan ar\u0131nd\u0131rmak i\u00e7in \u00f6zel form\u00fcll\u00fc temizlik \u00fcr\u00fcnleriyle y\u0131k\u0131yor, derinlemesine hijyen sa\u011fl\u0131yoruz.\n\n\n\nEnd\u00fcstriyel hal\u0131 y\u0131kama makinelerimiz sayesinde hal\u0131lar\u0131n\u0131z\u0131 zarar vermeden, derinlemesine temizliyoruz.\n\n\n\nKimyasal kal\u0131nt\u0131 b\u0131rakmayan, insan sa\u011fl\u0131\u011f\u0131na zarar vermeyen temizlik \u00fcr\u00fcnleriyle hizmet veriyoruz.\n\n\n\nEvinizden veya i\u015f yerinizden hal\u0131lar\u0131n\u0131z\u0131 \u00fccretsiz al\u0131yor, y\u0131kama i\u015flemi tamamland\u0131ktan sonra yine \u00fccretsiz olarak teslim ediyoruz.\n\n\n\nEryaman Hal\u0131 Y\u0131kama\n\n\n\n\n\n\n\n<h3><strong data-start=\"2\" data-end=\"39\">M\u00fc\u015fteri Memnuniyeti <\/strong><\/h3>\n\n\n\nHizmet sekt\u00f6r\u00fcnde ba\u015far\u0131n\u0131n anahtar\u0131, m\u00fc\u015fteri memnuniyetidir. Biz de bu bilin\u00e7le, siz de\u011ferli m\u00fc\u015fterilerimize en kaliteli, g\u00fcvenilir ve profesyonel hizmeti sunmay\u0131 ilke ediniyoruz.\n\n\n\n\n\n\n\n<p>Lorem Ipsum has been the industry&#8217;s standard dummy text ever since the 1500s.<\/p>\n\n\n\n\n\n\n\n<h3>S\u00fcleymanpa\u015fa Hal\u0131 Y\u0131kama<\/h3>\n\n\n\n<p>S\u00fcleymanpa\u015fa&#8217;da Hal\u0131 Y\u0131kama Konusunda \u00d6nc\u00fc Firma<\/p>\n\n\n\n\n\n\n\n\n\n\n\n\n\n\n\n\n\n\n\n\n\n\n\n\n\n\n\n\n\n\n\n\n\n\n\n\n\n\n\n\n\n<h6>S\u00fcleymanpa\u015fa\u00a0 hal\u0131 y\u0131kama<\/h6>\n\n\n\n<h3>S\u00fcleymanpa\u015fa&#8217;da Profesyonel \u00c7\u00f6z\u00fcm<\/h3>\n\n\n\n<p>S\u00fcleymanpa\u015fa\u2019da hal\u0131lar\u0131n\u0131z, koltuklar\u0131n\u0131z ve di\u011fer e\u015fyalar\u0131n\u0131z i\u00e7in profesyonel temizlik hizmeti sunuyoruz. Son teknoloji makineler ve antibakteriyel temizlik \u00fcr\u00fcnleriyle hijyenik, derinlemesine ve uzun \u00f6m\u00fcrl\u00fc temizlik sa\u011fl\u0131yoruz.<\/p>\n\n\n\n\n\n\n\n\n\nHal\u0131lar\u0131n\u0131z\u0131, bakteri ve k\u00f6t\u00fc kokulardan ar\u0131nd\u0131rmak i\u00e7in \u00f6zel form\u00fcll\u00fc temizlik \u00fcr\u00fcnleriyle y\u0131k\u0131yor, derinlemesine hijyen sa\u011fl\u0131yoruz.\n\n\n\n\n\nEkibimiz, sizlere en iyi deneyimi ya\u015fatmak i\u00e7in g\u00fcler y\u00fczl\u00fc ve profesyonel bir yakla\u015f\u0131m sergiliyor.\n\n\n\n\n\n\n\nM\u00fc\u015fterilerimizin g\u00f6r\u00fc\u015flerini \u00f6nemsiyor, s\u00fcrekli olarak kendimizi geli\u015ftiriyoruz.\n\nBizim i\u00e7in m\u00fc\u015fteri memnuniyeti, sadece bir hedef de\u011fil, i\u015fimizin temelidir. Siz de kaliteli ve g\u00fcvenilir bir hizmet almak istiyorsan\u0131z, bizi tercih edin!\n\n\n\n\n\n\u0130\u015fimizi titizlikle yaparak, her m\u00fc\u015fterimizin beklentilerini en iyi \u015fekilde kar\u015f\u0131l\u0131yoruz.\n\n\n\nAdana Hal\u0131 Y\u0131kama\n\n\n\nEryaman Hal\u0131 Y\u0131kama\n\n\n\n\n\n\n\n\n\n<h3>S\u00fcLEYMANPA\u015eA\u00a0 HALI YIKAMA<\/h3>\n\n\n\n\n\n\n\n\n\n\n","protected":false},"excerpt":{"rendered":"","protected":false},"author":1,"featured_media":0,"parent":0,"menu_order":0,"comment_status":"closed","ping_status":"closed","template":"","meta":{"pagelayer_contact_templates":[],"_pagelayer_content":"","footnotes":""},"class_list":["post-325","page","type-page","status-publish","hentry"],"yoast_head":"<!-- This site is optimized with the Yoast SEO plugin v24.4 - https:\/\/yoast.com\/wordpress\/plugins\/seo\/ -->\n<title>S\u00dcLEYMANPA\u015eADA YUSUF HALI YIKAMA METREKARES\u0130 80\u20ba<\/title>\n<meta name=\"description\" content=\"Metrekaresi 60\u20ba Hal\u0131 Y\u0131kama Hizmetleri \u0130\u00e7in S&uuml;leymanpa\u015fa Hal\u0131 Y\u0131kama Sitemizi Ziyaret Edebilirsiniz\" \/>\n<meta name=\"robots\" content=\"index, follow, max-snippet:-1, max-image-preview:large, max-video-preview:-1\" \/>\n<link rel=\"canonical\" href=\"https:\/\/suleymanpasadahaliyikama.com.tr\/\" \/>\n<meta property=\"og:locale\" content=\"tr_TR\" \/>\n<meta property=\"og:type\" content=\"article\" \/>\n<meta property=\"og:title\" content=\"S\u00dcLEYMANPA\u015eADA YUSUF HALI YIKAMA METREKARES\u0130 80\u20ba\" \/>\n<meta property=\"og:description\" content=\"Metrekaresi 60\u20ba Hal\u0131 Y\u0131kama Hizmetleri \u0130\u00e7in S&uuml;leymanpa\u015fa Hal\u0131 Y\u0131kama Sitemizi Ziyaret Edebilirsiniz\" \/>\n<meta property=\"og:url\" content=\"https:\/\/suleymanpasadahaliyikama.com.tr\/\" \/>\n<meta property=\"og:site_name\" content=\"S&uuml;leymanpa\u015fa Hal\u0131 Y\u0131kama\" \/>\n<meta property=\"article:modified_time\" content=\"2025-08-30T16:44:29+00:00\" \/>\n<meta property=\"og:image\" content=\"https:\/\/suleymanpasadahaliyikama.com.tr\/wp-content\/uploads\/2025\/01\/5555.webp\" \/>\n\t<meta property=\"og:image:width\" content=\"1024\" \/>\n\t<meta property=\"og:image:height\" content=\"427\" \/>\n\t<meta property=\"og:image:type\" content=\"image\/webp\" \/>\n<meta name=\"twitter:card\" content=\"summary_large_image\" \/>\n<meta name=\"twitter:label1\" content=\"Tahmini okuma s\u00fcresi\" \/>\n\t<meta name=\"twitter:data1\" content=\"2 dakika\" \/>\n<script type=\"application\/ld+json\" class=\"yoast-schema-graph\">{\"@context\":\"https:\/\/schema.org\",\"@graph\":[{\"@type\":\"WebPage\",\"@id\":\"https:\/\/suleymanpasadahaliyikama.com.tr\/\",\"url\":\"https:\/\/suleymanpasadahaliyikama.com.tr\/\",\"name\":\"S\u00dcLEYMANPA\u015eADA YUSUF HALI YIKAMA METREKARES\u0130 80\u20ba\",\"isPartOf\":{\"@id\":\"https:\/\/suleymanpasadahaliyikama.com.tr\/#website\"},\"datePublished\":\"2025-03-27T11:36:58+00:00\",\"dateModified\":\"2025-08-30T16:44:29+00:00\",\"description\":\"Metrekaresi 60\u20ba Hal\u0131 Y\u0131kama Hizmetleri \u0130\u00e7in S&uuml;leymanpa\u015fa Hal\u0131 Y\u0131kama Sitemizi Ziyaret Edebilirsiniz\",\"breadcrumb\":{\"@id\":\"https:\/\/suleymanpasadahaliyikama.com.tr\/#breadcrumb\"},\"inLanguage\":\"tr\",\"potentialAction\":[{\"@type\":\"ReadAction\",\"target\":[\"https:\/\/suleymanpasadahaliyikama.com.tr\/\"]}]},{\"@type\":\"BreadcrumbList\",\"@id\":\"https:\/\/suleymanpasadahaliyikama.com.tr\/#breadcrumb\",\"itemListElement\":[{\"@type\":\"ListItem\",\"position\":1,\"name\":\"Anasayfa\",\"item\":\"https:\/\/suleymanpasadahaliyikama.com.tr\/\"},{\"@type\":\"ListItem\",\"position\":2,\"name\":\"Home\"}]},{\"@type\":\"WebSite\",\"@id\":\"https:\/\/suleymanpasadahaliyikama.com.tr\/#website\",\"url\":\"https:\/\/suleymanpasadahaliyikama.com.tr\/\",\"name\":\"Best Hal\u0131 Y\u0131kama\",\"description\":\"Torbal\u0131 Hal\u0131 Koltuk Y\u0131kama\",\"publisher\":{\"@id\":\"https:\/\/suleymanpasadahaliyikama.com.tr\/#organization\"},\"alternateName\":\"Tire Hal\u0131 Y\u0131kama Firmas\u0131 Best Hal\u0131 Y\u0131kama\",\"potentialAction\":[{\"@type\":\"SearchAction\",\"target\":{\"@type\":\"EntryPoint\",\"urlTemplate\":\"https:\/\/suleymanpasadahaliyikama.com.tr\/?s={search_term_string}\"},\"query-input\":{\"@type\":\"PropertyValueSpecification\",\"valueRequired\":true,\"valueName\":\"search_term_string\"}}],\"inLanguage\":\"tr\"},{\"@type\":\"Organization\",\"@id\":\"https:\/\/suleymanpasadahaliyikama.com.tr\/#organization\",\"name\":\"Tire Best Hal\u0131 Y\u0131kama\",\"alternateName\":\"Tire Hal\u0131 Koltuk Y\u0131kama\",\"url\":\"https:\/\/suleymanpasadahaliyikama.com.tr\/\",\"logo\":{\"@type\":\"ImageObject\",\"inLanguage\":\"tr\",\"@id\":\"https:\/\/suleymanpasadahaliyikama.com.tr\/#\/schema\/logo\/image\/\",\"url\":\"https:\/\/suleymanpasadahaliyikama.com.tr\/wp-content\/uploads\/2025\/02\/Yesil_ve_Beyaz_Sade_Hali_Yikama_Logo-removebg-preview.png\",\"contentUrl\":\"https:\/\/suleymanpasadahaliyikama.com.tr\/wp-content\/uploads\/2025\/02\/Yesil_ve_Beyaz_Sade_Hali_Yikama_Logo-removebg-preview.png\",\"width\":500,\"height\":500,\"caption\":\"Tire Best Hal\u0131 Y\u0131kama\"},\"image\":{\"@id\":\"https:\/\/suleymanpasadahaliyikama.com.tr\/#\/schema\/logo\/image\/\"}}]}<\/script>\n<!-- \/ Yoast SEO plugin. -->","yoast_head_json":{"title":"S\u00dcLEYMANPA\u015eADA YUSUF HALI YIKAMA METREKARES\u0130 80\u20ba","description":"Metrekaresi 60\u20ba Hal\u0131 Y\u0131kama Hizmetleri \u0130\u00e7in S&uuml;leymanpa\u015fa Hal\u0131 Y\u0131kama Sitemizi Ziyaret Edebilirsiniz","robots":{"index":"index","follow":"follow","max-snippet":"max-snippet:-1","max-image-preview":"max-image-preview:large","max-video-preview":"max-video-preview:-1"},"canonical":"https:\/\/suleymanpasadahaliyikama.com.tr\/","og_locale":"tr_TR","og_type":"article","og_title":"S\u00dcLEYMANPA\u015eADA YUSUF HALI YIKAMA METREKARES\u0130 80\u20ba","og_description":"Metrekaresi 60\u20ba Hal\u0131 Y\u0131kama Hizmetleri \u0130\u00e7in S&uuml;leymanpa\u015fa Hal\u0131 Y\u0131kama Sitemizi Ziyaret Edebilirsiniz","og_url":"https:\/\/suleymanpasadahaliyikama.com.tr\/","og_site_name":"S&uuml;leymanpa\u015fa Hal\u0131 Y\u0131kama","article_modified_time":"2025-08-30T16:44:29+00:00","og_image":[{"width":1024,"height":427,"url":"https:\/\/suleymanpasadahaliyikama.com.tr\/wp-content\/uploads\/2025\/01\/5555.webp","type":"image\/webp"}],"twitter_card":"summary_large_image","twitter_misc":{"Tahmini okuma s\u00fcresi":"2 dakika"},"schema":{"@context":"https:\/\/schema.org","@graph":[{"@type":"WebPage","@id":"https:\/\/suleymanpasadahaliyikama.com.tr\/","url":"https:\/\/suleymanpasadahaliyikama.com.tr\/","name":"S\u00dcLEYMANPA\u015eADA YUSUF HALI YIKAMA METREKARES\u0130 80\u20ba","isPartOf":{"@id":"https:\/\/suleymanpasadahaliyikama.com.tr\/#website"},"datePublished":"2025-03-27T11:36:58+00:00","dateModified":"2025-08-30T16:44:29+00:00","description":"Metrekaresi 60\u20ba Hal\u0131 Y\u0131kama Hizmetleri \u0130\u00e7in S&uuml;leymanpa\u015fa Hal\u0131 Y\u0131kama Sitemizi Ziyaret Edebilirsiniz","breadcrumb":{"@id":"https:\/\/suleymanpasadahaliyikama.com.tr\/#breadcrumb"},"inLanguage":"tr","potentialAction":[{"@type":"ReadAction","target":["https:\/\/suleymanpasadahaliyikama.com.tr\/"]}]},{"@type":"BreadcrumbList","@id":"https:\/\/suleymanpasadahaliyikama.com.tr\/#breadcrumb","itemListElement":[{"@type":"ListItem","position":1,"name":"Anasayfa","item":"https:\/\/suleymanpasadahaliyikama.com.tr\/"},{"@type":"ListItem","position":2,"name":"Home"}]},{"@type":"WebSite","@id":"https:\/\/suleymanpasadahaliyikama.com.tr\/#website","url":"https:\/\/suleymanpasadahaliyikama.com.tr\/","name":"Best Hal\u0131 Y\u0131kama","description":"Torbal\u0131 Hal\u0131 Koltuk Y\u0131kama","publisher":{"@id":"https:\/\/suleymanpasadahaliyikama.com.tr\/#organization"},"alternateName":"Tire Hal\u0131 Y\u0131kama Firmas\u0131 Best Hal\u0131 Y\u0131kama","potentialAction":[{"@type":"SearchAction","target":{"@type":"EntryPoint","urlTemplate":"https:\/\/suleymanpasadahaliyikama.com.tr\/?s={search_term_string}"},"query-input":{"@type":"PropertyValueSpecification","valueRequired":true,"valueName":"search_term_string"}}],"inLanguage":"tr"},{"@type":"Organization","@id":"https:\/\/suleymanpasadahaliyikama.com.tr\/#organization","name":"Tire Best Hal\u0131 Y\u0131kama","alternateName":"Tire Hal\u0131 Koltuk Y\u0131kama","url":"https:\/\/suleymanpasadahaliyikama.com.tr\/","logo":{"@type":"ImageObject","inLanguage":"tr","@id":"https:\/\/suleymanpasadahaliyikama.com.tr\/#\/schema\/logo\/image\/","url":"https:\/\/suleymanpasadahaliyikama.com.tr\/wp-content\/uploads\/2025\/02\/Yesil_ve_Beyaz_Sade_Hali_Yikama_Logo-removebg-preview.png","contentUrl":"https:\/\/suleymanpasadahaliyikama.com.tr\/wp-content\/uploads\/2025\/02\/Yesil_ve_Beyaz_Sade_Hali_Yikama_Logo-removebg-preview.png","width":500,"height":500,"caption":"Tire Best Hal\u0131 Y\u0131kama"},"image":{"@id":"https:\/\/suleymanpasadahaliyikama.com.tr\/#\/schema\/logo\/image\/"}}]}},"_links":{"self":[{"href":"https:\/\/suleymanpasadahaliyikama.com.tr\/index.php\/wp-json\/wp\/v2\/pages\/325","targetHints":{"allow":["GET"]}}],"collection":[{"href":"https:\/\/suleymanpasadahaliyikama.com.tr\/index.php\/wp-json\/wp\/v2\/pages"}],"about":[{"href":"https:\/\/suleymanpasadahaliyikama.com.tr\/index.php\/wp-json\/wp\/v2\/types\/page"}],"author":[{"embeddable":true,"href":"https:\/\/suleymanpasadahaliyikama.com.tr\/index.php\/wp-json\/wp\/v2\/users\/1"}],"replies":[{"embeddable":true,"href":"https:\/\/suleymanpasadahaliyikama.com.tr\/index.php\/wp-json\/wp\/v2\/comments?post=325"}],"version-history":[{"count":26,"href":"https:\/\/suleymanpasadahaliyikama.com.tr\/index.php\/wp-json\/wp\/v2\/pages\/325\/revisions"}],"predecessor-version":[{"id":414,"href":"https:\/\/suleymanpasadahaliyikama.com.tr\/index.php\/wp-json\/wp\/v2\/pages\/325\/revisions\/414"}],"wp:attachment":[{"href":"https:\/\/suleymanpasadahaliyikama.com.tr\/index.php\/wp-json\/wp\/v2\/media?parent=325"}],"curies":[{"name":"wp","href":"https:\/\/api.w.org\/{rel}","templated":true}]}}