{"id":329,"date":"2025-03-27T11:36:58","date_gmt":"2025-03-27T11:36:58","guid":{"rendered":"https:\/\/suleymanpasadahaliyikama.com.tr\/services\/"},"modified":"2025-04-04T18:00:57","modified_gmt":"2025-04-04T18:00:57","slug":"hizmetlerimizsuleymanpasa-hali-yikama","status":"publish","type":"page","link":"https:\/\/suleymanpasadahaliyikama.com.tr\/index.php\/hizmetlerimizsuleymanpasa-hali-yikama\/","title":{"rendered":"Hizmetlerimiz"},"content":{"rendered":"\n\n\n\n<h6>S\u00fcleymanpa\u015fa hal\u0131 y\u0131kama<\/h6>\n\n\n<h3>Bizi Tercih Etmeniz \u0130\u00e7in 6 Neden?<br>?<\/h3>\n\n\n\nHijyen ve Kalite \u00d6nceli\u011fimizdir\n\n\nSon Teknoloji Ekipman Kullan\u0131yoruz\n\n\nDo\u011fal ve \u00c7evre Dostu Temizlik Malzemeleri Kullan\u0131yoruz\n\n\n\u00dccretsiz Servis Hizmeti Sunuyoruz\n\n\nZaman\u0131nda ve \u00d6zenli Teslimat Yap\u0131yoruz\n\n\nM\u00fc\u015fteri Memnuniyeti Odakl\u0131 \u00c7al\u0131\u015f\u0131yoruz\n\n\n\n\n\n<p>Lorem Ipsum has been the industry&#8217;s standard dummy text ever since the 1500s.<\/p>\n\n\n\n\n\n\n\n\n\n\n\n\n\n\n\n\n\n\n\n\n\n\n<h3>M\u00fc\u015fteri Memnuniyeti Odakl\u0131 Hizmet<br><br><\/h3>\n\n\n<p>Bizim i\u00e7in en \u00f6nemli \u00f6ncelik, m\u00fc\u015fterilerimizin memnuniyetidir. Hizmet kalitemizi her zaman en \u00fcst seviyede tutarak, beklentilerinize en iyi \u015fekilde cevap veriyoruz. Temizlik s\u00fcrecinde her a\u015famay\u0131 titizlikle takip ediyor, geri bildirimlerinizi dikkate alarak kendimizi s\u00fcrekli geli\u015ftiriyoruz. \u0130\u015flem sonras\u0131 herhangi bir memnuniyetsizlik durumunda destek sunuyor, gerekli iyile\u015ftirmeleri yaparak sizlere kusursuz bir temizlik deneyimi ya\u015fat\u0131yoruz. \u00c7\u00fcnk\u00fc sizin memnuniyetiniz, bizim en b\u00fcy\u00fck referans\u0131m\u0131zd\u0131r!<br><br><\/p>\n\n\n\n\n\n<p>Lorem Ipsum has been the industry&#8217;s standard dummy text ever since the 1500s.<\/p>\n\n\n\n\n","protected":false},"excerpt":{"rendered":"","protected":false},"author":1,"featured_media":0,"parent":0,"menu_order":0,"comment_status":"closed","ping_status":"closed","template":"","meta":{"pagelayer_contact_templates":[],"_pagelayer_content":"","footnotes":""},"class_list":["post-329","page","type-page","status-publish","hentry"],"yoast_head":"<!-- This site is optimized with the Yoast SEO plugin v24.4 - https:\/\/yoast.com\/wordpress\/plugins\/seo\/ -->\n<title>S\u00dcLEYMANPA\u015eA HALI YIKAMA<\/title>\n<meta name=\"description\" content=\"Hizmetlerimiz S\u00dcLEYMANPA\u015eA Hal\u0131 Y\u0131kama Hizmetleri \u0130\u00e7in S&uuml;leymanpa\u015fa Hal\u0131 Y\u0131kama Sitemizi Ziyaret Edebilirsiniz\" \/>\n<meta name=\"robots\" content=\"index, follow, max-snippet:-1, max-image-preview:large, max-video-preview:-1\" \/>\n<link rel=\"canonical\" href=\"https:\/\/suleymanpasadahaliyikama.com.tr\/index.php\/hizmetlerimizsuleymanpasa-hali-yikama\/\" \/>\n<meta property=\"og:locale\" content=\"tr_TR\" \/>\n<meta property=\"og:type\" content=\"article\" \/>\n<meta property=\"og:title\" content=\"S\u00dcLEYMANPA\u015eA HALI YIKAMA\" \/>\n<meta property=\"og:description\" content=\"Hizmetlerimiz S\u00dcLEYMANPA\u015eA Hal\u0131 Y\u0131kama Hizmetleri \u0130\u00e7in S&uuml;leymanpa\u015fa Hal\u0131 Y\u0131kama Sitemizi Ziyaret Edebilirsiniz\" \/>\n<meta property=\"og:url\" content=\"https:\/\/suleymanpasadahaliyikama.com.tr\/index.php\/hizmetlerimizsuleymanpasa-hali-yikama\/\" \/>\n<meta property=\"og:site_name\" content=\"S&uuml;leymanpa\u015fa Hal\u0131 Y\u0131kama\" \/>\n<meta property=\"article:modified_time\" content=\"2025-04-04T18:00:57+00:00\" \/>\n<meta property=\"og:image\" content=\"https:\/\/suleymanpasadahaliyikama.com.tr\/wp-content\/uploads\/2025\/01\/5555.webp\" \/>\n\t<meta property=\"og:image:width\" content=\"1024\" \/>\n\t<meta property=\"og:image:height\" content=\"427\" \/>\n\t<meta property=\"og:image:type\" content=\"image\/webp\" \/>\n<meta name=\"twitter:card\" content=\"summary_large_image\" \/>\n<meta name=\"twitter:label1\" content=\"Tahmini okuma s\u00fcresi\" \/>\n\t<meta name=\"twitter:data1\" content=\"1 dakika\" \/>\n<script type=\"application\/ld+json\" class=\"yoast-schema-graph\">{\"@context\":\"https:\/\/schema.org\",\"@graph\":[{\"@type\":\"WebPage\",\"@id\":\"https:\/\/suleymanpasadahaliyikama.com.tr\/index.php\/hizmetlerimizsuleymanpasa-hali-yikama\/\",\"url\":\"https:\/\/suleymanpasadahaliyikama.com.tr\/index.php\/hizmetlerimizsuleymanpasa-hali-yikama\/\",\"name\":\"S\u00dcLEYMANPA\u015eA HALI YIKAMA\",\"isPartOf\":{\"@id\":\"https:\/\/suleymanpasadahaliyikama.com.tr\/#website\"},\"datePublished\":\"2025-03-27T11:36:58+00:00\",\"dateModified\":\"2025-04-04T18:00:57+00:00\",\"description\":\"Hizmetlerimiz S\u00dcLEYMANPA\u015eA Hal\u0131 Y\u0131kama Hizmetleri \u0130\u00e7in S&uuml;leymanpa\u015fa Hal\u0131 Y\u0131kama Sitemizi Ziyaret Edebilirsiniz\",\"breadcrumb\":{\"@id\":\"https:\/\/suleymanpasadahaliyikama.com.tr\/index.php\/hizmetlerimizsuleymanpasa-hali-yikama\/#breadcrumb\"},\"inLanguage\":\"tr\",\"potentialAction\":[{\"@type\":\"ReadAction\",\"target\":[\"https:\/\/suleymanpasadahaliyikama.com.tr\/index.php\/hizmetlerimizsuleymanpasa-hali-yikama\/\"]}]},{\"@type\":\"BreadcrumbList\",\"@id\":\"https:\/\/suleymanpasadahaliyikama.com.tr\/index.php\/hizmetlerimizsuleymanpasa-hali-yikama\/#breadcrumb\",\"itemListElement\":[{\"@type\":\"ListItem\",\"position\":1,\"name\":\"Anasayfa\",\"item\":\"https:\/\/suleymanpasadahaliyikama.com.tr\/\"},{\"@type\":\"ListItem\",\"position\":2,\"name\":\"Hizmetlerimiz\"}]},{\"@type\":\"WebSite\",\"@id\":\"https:\/\/suleymanpasadahaliyikama.com.tr\/#website\",\"url\":\"https:\/\/suleymanpasadahaliyikama.com.tr\/\",\"name\":\"Best Hal\u0131 Y\u0131kama\",\"description\":\"Torbal\u0131 Hal\u0131 Koltuk Y\u0131kama\",\"publisher\":{\"@id\":\"https:\/\/suleymanpasadahaliyikama.com.tr\/#organization\"},\"alternateName\":\"Tire Hal\u0131 Y\u0131kama Firmas\u0131 Best Hal\u0131 Y\u0131kama\",\"potentialAction\":[{\"@type\":\"SearchAction\",\"target\":{\"@type\":\"EntryPoint\",\"urlTemplate\":\"https:\/\/suleymanpasadahaliyikama.com.tr\/?s={search_term_string}\"},\"query-input\":{\"@type\":\"PropertyValueSpecification\",\"valueRequired\":true,\"valueName\":\"search_term_string\"}}],\"inLanguage\":\"tr\"},{\"@type\":\"Organization\",\"@id\":\"https:\/\/suleymanpasadahaliyikama.com.tr\/#organization\",\"name\":\"Tire Best Hal\u0131 Y\u0131kama\",\"alternateName\":\"Tire Hal\u0131 Koltuk Y\u0131kama\",\"url\":\"https:\/\/suleymanpasadahaliyikama.com.tr\/\",\"logo\":{\"@type\":\"ImageObject\",\"inLanguage\":\"tr\",\"@id\":\"https:\/\/suleymanpasadahaliyikama.com.tr\/#\/schema\/logo\/image\/\",\"url\":\"https:\/\/suleymanpasadahaliyikama.com.tr\/wp-content\/uploads\/2025\/02\/Yesil_ve_Beyaz_Sade_Hali_Yikama_Logo-removebg-preview.png\",\"contentUrl\":\"https:\/\/suleymanpasadahaliyikama.com.tr\/wp-content\/uploads\/2025\/02\/Yesil_ve_Beyaz_Sade_Hali_Yikama_Logo-removebg-preview.png\",\"width\":500,\"height\":500,\"caption\":\"Tire Best Hal\u0131 Y\u0131kama\"},\"image\":{\"@id\":\"https:\/\/suleymanpasadahaliyikama.com.tr\/#\/schema\/logo\/image\/\"}}]}<\/script>\n<!-- \/ Yoast SEO plugin. -->","yoast_head_json":{"title":"S\u00dcLEYMANPA\u015eA HALI YIKAMA","description":"Hizmetlerimiz S\u00dcLEYMANPA\u015eA Hal\u0131 Y\u0131kama Hizmetleri \u0130\u00e7in S&uuml;leymanpa\u015fa Hal\u0131 Y\u0131kama Sitemizi Ziyaret Edebilirsiniz","robots":{"index":"index","follow":"follow","max-snippet":"max-snippet:-1","max-image-preview":"max-image-preview:large","max-video-preview":"max-video-preview:-1"},"canonical":"https:\/\/suleymanpasadahaliyikama.com.tr\/index.php\/hizmetlerimizsuleymanpasa-hali-yikama\/","og_locale":"tr_TR","og_type":"article","og_title":"S\u00dcLEYMANPA\u015eA HALI YIKAMA","og_description":"Hizmetlerimiz S\u00dcLEYMANPA\u015eA Hal\u0131 Y\u0131kama Hizmetleri \u0130\u00e7in S&uuml;leymanpa\u015fa Hal\u0131 Y\u0131kama Sitemizi Ziyaret Edebilirsiniz","og_url":"https:\/\/suleymanpasadahaliyikama.com.tr\/index.php\/hizmetlerimizsuleymanpasa-hali-yikama\/","og_site_name":"S&uuml;leymanpa\u015fa Hal\u0131 Y\u0131kama","article_modified_time":"2025-04-04T18:00:57+00:00","og_image":[{"width":1024,"height":427,"url":"https:\/\/suleymanpasadahaliyikama.com.tr\/wp-content\/uploads\/2025\/01\/5555.webp","type":"image\/webp"}],"twitter_card":"summary_large_image","twitter_misc":{"Tahmini okuma s\u00fcresi":"1 dakika"},"schema":{"@context":"https:\/\/schema.org","@graph":[{"@type":"WebPage","@id":"https:\/\/suleymanpasadahaliyikama.com.tr\/index.php\/hizmetlerimizsuleymanpasa-hali-yikama\/","url":"https:\/\/suleymanpasadahaliyikama.com.tr\/index.php\/hizmetlerimizsuleymanpasa-hali-yikama\/","name":"S\u00dcLEYMANPA\u015eA HALI YIKAMA","isPartOf":{"@id":"https:\/\/suleymanpasadahaliyikama.com.tr\/#website"},"datePublished":"2025-03-27T11:36:58+00:00","dateModified":"2025-04-04T18:00:57+00:00","description":"Hizmetlerimiz S\u00dcLEYMANPA\u015eA Hal\u0131 Y\u0131kama Hizmetleri \u0130\u00e7in S&uuml;leymanpa\u015fa Hal\u0131 Y\u0131kama Sitemizi Ziyaret Edebilirsiniz","breadcrumb":{"@id":"https:\/\/suleymanpasadahaliyikama.com.tr\/index.php\/hizmetlerimizsuleymanpasa-hali-yikama\/#breadcrumb"},"inLanguage":"tr","potentialAction":[{"@type":"ReadAction","target":["https:\/\/suleymanpasadahaliyikama.com.tr\/index.php\/hizmetlerimizsuleymanpasa-hali-yikama\/"]}]},{"@type":"BreadcrumbList","@id":"https:\/\/suleymanpasadahaliyikama.com.tr\/index.php\/hizmetlerimizsuleymanpasa-hali-yikama\/#breadcrumb","itemListElement":[{"@type":"ListItem","position":1,"name":"Anasayfa","item":"https:\/\/suleymanpasadahaliyikama.com.tr\/"},{"@type":"ListItem","position":2,"name":"Hizmetlerimiz"}]},{"@type":"WebSite","@id":"https:\/\/suleymanpasadahaliyikama.com.tr\/#website","url":"https:\/\/suleymanpasadahaliyikama.com.tr\/","name":"Best Hal\u0131 Y\u0131kama","description":"Torbal\u0131 Hal\u0131 Koltuk Y\u0131kama","publisher":{"@id":"https:\/\/suleymanpasadahaliyikama.com.tr\/#organization"},"alternateName":"Tire Hal\u0131 Y\u0131kama Firmas\u0131 Best Hal\u0131 Y\u0131kama","potentialAction":[{"@type":"SearchAction","target":{"@type":"EntryPoint","urlTemplate":"https:\/\/suleymanpasadahaliyikama.com.tr\/?s={search_term_string}"},"query-input":{"@type":"PropertyValueSpecification","valueRequired":true,"valueName":"search_term_string"}}],"inLanguage":"tr"},{"@type":"Organization","@id":"https:\/\/suleymanpasadahaliyikama.com.tr\/#organization","name":"Tire Best Hal\u0131 Y\u0131kama","alternateName":"Tire Hal\u0131 Koltuk Y\u0131kama","url":"https:\/\/suleymanpasadahaliyikama.com.tr\/","logo":{"@type":"ImageObject","inLanguage":"tr","@id":"https:\/\/suleymanpasadahaliyikama.com.tr\/#\/schema\/logo\/image\/","url":"https:\/\/suleymanpasadahaliyikama.com.tr\/wp-content\/uploads\/2025\/02\/Yesil_ve_Beyaz_Sade_Hali_Yikama_Logo-removebg-preview.png","contentUrl":"https:\/\/suleymanpasadahaliyikama.com.tr\/wp-content\/uploads\/2025\/02\/Yesil_ve_Beyaz_Sade_Hali_Yikama_Logo-removebg-preview.png","width":500,"height":500,"caption":"Tire Best Hal\u0131 Y\u0131kama"},"image":{"@id":"https:\/\/suleymanpasadahaliyikama.com.tr\/#\/schema\/logo\/image\/"}}]}},"_links":{"self":[{"href":"https:\/\/suleymanpasadahaliyikama.com.tr\/index.php\/wp-json\/wp\/v2\/pages\/329","targetHints":{"allow":["GET"]}}],"collection":[{"href":"https:\/\/suleymanpasadahaliyikama.com.tr\/index.php\/wp-json\/wp\/v2\/pages"}],"about":[{"href":"https:\/\/suleymanpasadahaliyikama.com.tr\/index.php\/wp-json\/wp\/v2\/types\/page"}],"author":[{"embeddable":true,"href":"https:\/\/suleymanpasadahaliyikama.com.tr\/index.php\/wp-json\/wp\/v2\/users\/1"}],"replies":[{"embeddable":true,"href":"https:\/\/suleymanpasadahaliyikama.com.tr\/index.php\/wp-json\/wp\/v2\/comments?post=329"}],"version-history":[{"count":11,"href":"https:\/\/suleymanpasadahaliyikama.com.tr\/index.php\/wp-json\/wp\/v2\/pages\/329\/revisions"}],"predecessor-version":[{"id":404,"href":"https:\/\/suleymanpasadahaliyikama.com.tr\/index.php\/wp-json\/wp\/v2\/pages\/329\/revisions\/404"}],"wp:attachment":[{"href":"https:\/\/suleymanpasadahaliyikama.com.tr\/index.php\/wp-json\/wp\/v2\/media?parent=329"}],"curies":[{"name":"wp","href":"https:\/\/api.w.org\/{rel}","templated":true}]}}